{"id":27,"date":"2014-12-30T10:21:10","date_gmt":"2014-12-30T10:21:10","guid":{"rendered":"http:\/\/localhost\/wordpress\/pressroom\/?page_id=10"},"modified":"2014-12-30T10:21:10","modified_gmt":"2014-12-30T10:21:10","slug":"home","status":"publish","type":"page","link":"https:\/\/www.roadtowc.com\/es\/home\/","title":{"rendered":"HOME"},"content":{"rendered":"<p>[vc_row type=\u00bbfull_width\u00bb top_margin=\u00bbnone\u00bb][vc_column width=\u00bb1\/1&#8243;][slider id=\u00bbslider\u00bb ids=\u00bb31,33,329,332,335,159&#8243; category=\u00bb-\u00bb order_by=\u00bbdate\u00bb order=\u00bbDESC\u00bb control_boxes=\u00bb1&#8243; autoplay=\u00bb0&#8243; interval=\u00bb5000&#8243; pause_on_hover=\u00bb1&#8243; top_margin=\u00bbnone\u00bb][\/vc_column][\/vc_row][vc_row top_margin=\u00bbpage_margin_top\u00bb][vc_column width=\u00bb2\/3&#8243;][box_header title=\u00bbLatest Posts\u00bb type=\u00bbh4&#8243; bottom_border=\u00bb1&#8243; top_margin=\u00bbnone\u00bb][blog_2_columns pr_pagination=\u00bb0&#8243; items_per_page=\u00bb4&#8243; featured_image_size=\u00bbdefault\u00bb ids=\u00bb-\u00bb category=\u00bb-\u00bb post_format=\u00bb-\u00bb author=\u00bb-\u00bb order_by=\u00bbdate\u00bb order=\u00bbDESC\u00bb featured_post=\u00bb-\u00bb show_post_title=\u00bb1&#8243; show_post_excerpt=\u00bb1&#8243; read_more=\u00bb1&#8243; read_more_featured=\u00bb1&#8243; show_post_categories=\u00bb1&#8243; show_post_author=\u00bb0&#8243; show_post_date=\u00bb1&#8243; post_details_layout=\u00bbdefault\u00bb show_post_comments_box=\u00bb1&#8243; show_more_page=\u00bb-\u00bb show_more_label=\u00bbREAD MORE\u00bb top_margin=\u00bbnone\u00bb][box_header title=\u00bbPosts Carousel\u00bb type=\u00bbh4&#8243; bottom_border=\u00bb1&#8243; top_margin=\u00bbpage_margin_top_section\u00bb][pr_post_carousel type=\u00bbhorizontal\u00bb kind=\u00bbdefault\u00bb items_per_page=\u00bb4&#8243; ids=\u00bb-\u00bb category=\u00bb-\u00bb post_format=\u00bb-\u00bb order_by=\u00bbdate\u00bb order=\u00bbDESC\u00bb visible=\u00bb3&#8243; post_details_layout=\u00bbsimple\u00bb count_number=\u00bb0&#8243; show_comments_box=\u00bb0&#8243; show_post_excerpt=\u00bb0&#8243; read_more=\u00bb0&#8243; featured_image_size=\u00bbblog-post-thumb\u00bb show_post_icon=\u00bb1&#8243; autoplay=\u00bb0&#8243; pause_on_hover=\u00bb1&#8243; scroll=\u00bb1&#8243; effect=\u00bbscroll\u00bb easing=\u00bbswing\u00bb duration=\u00bb500&#8243; top_margin=\u00bbpage_margin_top\u00bb][box_header title=\u00bbLatest From Health\u00bb type=\u00bbh4&#8243; bottom_border=\u00bb1&#8243; top_margin=\u00bbpage_margin_top_section\u00bb][blog_2_columns pr_pagination=\u00bb0&#8243; items_per_page=\u00bb4&#8243; featured_image_size=\u00bbdefault\u00bb ids=\u00bb-\u00bb category=\u00bbhealth\u00bb post_format=\u00bb-\u00bb author=\u00bb-\u00bb order_by=\u00bbdate\u00bb order=\u00bbDESC\u00bb featured_post=\u00bb878&#8243; show_post_title=\u00bb1&#8243; show_post_excerpt=\u00bb1&#8243; read_more=\u00bb0&#8243; read_more_featured=\u00bb1&#8243; show_post_categories=\u00bb1&#8243; show_post_author=\u00bb0&#8243; show_post_date=\u00bb1&#8243; post_details_layout=\u00bbdefault\u00bb show_post_comments_box=\u00bb1&#8243; show_more_page=\u00bb-\u00bb show_more_label=\u00bbMORE FROM HEALTH\u00bb top_margin=\u00bbnone\u00bb show_post_icon=\u00bb1&#8243; is_search_results=\u00bb0&#8243; show_more_custom_url=\u00bbhttp:\/\/quanticalabs.com\/wp_themes\/pressroom\/category\/health\/\u00bb][box_header title=\u00bbTop Posts\u00bb type=\u00bbh4&#8243; bottom_border=\u00bb1&#8243; top_margin=\u00bbpage_margin_top_section\u00bb][vc_tabs top_margin=\u00bbpage_margin_top_section\u00bb el_class=\u00bbsmall margin_top_10 no_scroll\u00bb][vc_tab title=\u00bbMost Recent\u00bb tab_id=\u00bbmost-recent\u00bb][pr_post_carousel type=\u00bbhorizontal\u00bb kind=\u00bbdefault\u00bb items_per_page=\u00bb4&#8243; ids=\u00bb-\u00bb category=\u00bb-\u00bb post_format=\u00bb-\u00bb order_by=\u00bbdate\u00bb order=\u00bbDESC\u00bb visible=\u00bb3&#8243; post_details_layout=\u00bbsimple\u00bb count_number=\u00bb1&#8243; show_comments_box=\u00bb0&#8243; show_post_excerpt=\u00bb0&#8243; read_more=\u00bb0&#8243; featured_image_size=\u00bbblog-post-thumb\u00bb show_post_icon=\u00bb1&#8243; autoplay=\u00bb0&#8243; pause_on_hover=\u00bb1&#8243; scroll=\u00bb1&#8243; effect=\u00bbscroll\u00bb easing=\u00bbswing\u00bb duration=\u00bb500&#8243; top_margin=\u00bbpage_margin_top\u00bb][\/vc_tab][vc_tab title=\u00bbMost Read\u00bb tab_id=\u00bbmost-read\u00bb][pr_post_carousel type=\u00bbhorizontal\u00bb kind=\u00bbdefault\u00bb items_per_page=\u00bb4&#8243; ids=\u00bb-\u00bb category=\u00bb-\u00bb post_format=\u00bb-\u00bb order_by=\u00bbviews\u00bb order=\u00bbDESC\u00bb visible=\u00bb3&#8243; post_details_layout=\u00bbsimple\u00bb count_number=\u00bb1&#8243; show_comments_box=\u00bb0&#8243; show_post_excerpt=\u00bb0&#8243; read_more=\u00bb0&#8243; featured_image_size=\u00bbblog-post-thumb\u00bb show_post_icon=\u00bb1&#8243; autoplay=\u00bb0&#8243; pause_on_hover=\u00bb1&#8243; scroll=\u00bb1&#8243; effect=\u00bbscroll\u00bb easing=\u00bbswing\u00bb duration=\u00bb500&#8243; top_margin=\u00bbpage_margin_top\u00bb][\/vc_tab][vc_tab title=\u00bbMost Commented\u00bb tab_id=\u00bbmost-commented\u00bb][pr_post_carousel type=\u00bbhorizontal\u00bb kind=\u00bbdefault\u00bb items_per_page=\u00bb4&#8243; ids=\u00bb-\u00bb category=\u00bb-\u00bb post_format=\u00bb-\u00bb order_by=\u00bbcomment_count\u00bb order=\u00bbDESC\u00bb visible=\u00bb3&#8243; post_details_layout=\u00bbsimple\u00bb count_number=\u00bb1&#8243; show_comments_box=\u00bb0&#8243; show_post_excerpt=\u00bb0&#8243; read_more=\u00bb0&#8243; featured_image_size=\u00bbblog-post-thumb\u00bb show_post_icon=\u00bb1&#8243; autoplay=\u00bb0&#8243; pause_on_hover=\u00bb1&#8243; scroll=\u00bb1&#8243; effect=\u00bbscroll\u00bb easing=\u00bbswing\u00bb duration=\u00bb500&#8243; top_margin=\u00bbpage_margin_top\u00bb][\/vc_tab][\/vc_tabs][vc_row_inner top_margin=\u00bbpage_margin_top_section\u00bb][vc_column_inner width=\u00bb1\/2&#8243;][box_header title=\u00bbLifestyle\u00bb type=\u00bbh4&#8243; bottom_border=\u00bb1&#8243; top_margin=\u00bbnone\u00bb][blog_1_column pr_pagination=\u00bb0&#8243; items_per_page=\u00bb2&#8243; featured_image_size=\u00bbdefault\u00bb ids=\u00bb-\u00bb category=\u00bblifestyle\u00bb post_format=\u00bb-\u00bb author=\u00bb-\u00bb order_by=\u00bbdate\u00bb order=\u00bbDESC\u00bb featured_post=\u00bb54&#8243; show_post_title=\u00bb1&#8243; show_post_excerpt=\u00bb1&#8243; read_more=\u00bb0&#8243; read_more_featured=\u00bb1&#8243; show_post_categories=\u00bb1&#8243; show_post_author=\u00bb0&#8243; show_post_date=\u00bb1&#8243; post_details_layout=\u00bbdefault\u00bb show_post_comments_box=\u00bb1&#8243; show_more_page=\u00bb-\u00bb show_more_label=\u00bbREAD MORE\u00bb top_margin=\u00bbnone\u00bb show_post_icon=\u00bb1&#8243; is_search_results=\u00bb0&#8243; show_more_custom_url=\u00bbhttp:\/\/quanticalabs.com\/wp_themes\/pressroom\/category\/lifestyle\/\u00bb][\/vc_column_inner][vc_column_inner width=\u00bb1\/2&#8243;][box_header title=\u00bbSports\u00bb type=\u00bbh4&#8243; bottom_border=\u00bb1&#8243; top_margin=\u00bbnone\u00bb][blog_1_column pr_pagination=\u00bb0&#8243; items_per_page=\u00bb2&#8243; featured_image_size=\u00bbdefault\u00bb ids=\u00bb-\u00bb category=\u00bbsports\u00bb post_format=\u00bb-\u00bb author=\u00bb-\u00bb order_by=\u00bbdate\u00bb order=\u00bbDESC\u00bb featured_post=\u00bb35&#8243; show_post_title=\u00bb1&#8243; show_post_excerpt=\u00bb1&#8243; read_more=\u00bb0&#8243; read_more_featured=\u00bb1&#8243; show_post_categories=\u00bb1&#8243; show_post_author=\u00bb0&#8243; show_post_date=\u00bb1&#8243; post_details_layout=\u00bbdefault\u00bb show_post_comments_box=\u00bb1&#8243; show_more_page=\u00bb-\u00bb show_more_label=\u00bbREAD MORE\u00bb top_margin=\u00bbnone\u00bb show_post_icon=\u00bb1&#8243; is_search_results=\u00bb0&#8243; show_more_custom_url=\u00bbhttp:\/\/quanticalabs.com\/wp_themes\/pressroom\/category\/sports\/\u00bb][\/vc_column_inner][\/vc_row_inner][\/vc_column][vc_column width=\u00bb1\/3&#8243;][box_header title=\u00bbRecommended\u00bb type=\u00bbh4&#8243; bottom_border=\u00bb1&#8243; top_margin=\u00bbnone\u00bb][blog_medium pr_pagination=\u00bb0&#8243; items_per_page=\u00bb3&#8243; featured_image_size=\u00bbdefault\u00bb ids=\u00bb46,35,52&#8243; category=\u00bb-\u00bb post_format=\u00bb-\u00bb author=\u00bb-\u00bb order_by=\u00bbdate\u00bb order=\u00bbDESC\u00bb featured_post=\u00bb-\u00bb post_list_style=\u00bbdefault\u00bb show_post_title=\u00bb1&#8243; show_post_excerpt=\u00bb0&#8243; read_more=\u00bb0&#8243; read_more_featured=\u00bb1&#8243; show_post_categories=\u00bb1&#8243; show_post_author=\u00bb0&#8243; show_post_date=\u00bb1&#8243; post_details_layout=\u00bbsimple\u00bb show_post_comments_box=\u00bb0&#8243; show_more_page=\u00bb-\u00bb show_more_label=\u00bbREAD MORE\u00bb top_margin=\u00bbnone\u00bb][box_header title=\u00bbLatest Posts\u00bb type=\u00bbh4&#8243; bottom_border=\u00bb1&#8243; top_margin=\u00bbpage_margin_top_section\u00bb][pr_post_carousel type=\u00bbvertical\u00bb kind=\u00bbdefault\u00bb items_per_page=\u00bb5&#8243; ids=\u00bb-\u00bb category=\u00bb-\u00bb post_format=\u00bb-\u00bb order_by=\u00bbdate\u00bb order=\u00bbDESC\u00bb visible=\u00bb3&#8243; post_details_layout=\u00bbsimple\u00bb count_number=\u00bb0&#8243; show_comments_box=\u00bb0&#8243; show_post_excerpt=\u00bb0&#8243; read_more=\u00bb0&#8243; featured_image_size=\u00bbdefault\u00bb show_post_icon=\u00bb1&#8243; autoplay=\u00bb0&#8243; pause_on_hover=\u00bb1&#8243; scroll=\u00bb1&#8243; effect=\u00bbscroll\u00bb easing=\u00bbswing\u00bb duration=\u00bb500&#8243; top_margin=\u00bbnone\u00bb][vc_tabs top_margin=\u00bbpage_margin_top_section\u00bb el_class=\u00bbno_scroll\u00bb][vc_tab title=\u00bbMost Read\u00bb tab_id=\u00bbsidebar-most-read\u00bb][pr_rank_list type=\u00bbviews\u00bb items_per_page=\u00bb5&#8243; ids=\u00bb-\u00bb category=\u00bb-\u00bb featured_image_size=\u00bbdefault\u00bb show_post_icon=\u00bb1&#8243; show_post_categories=\u00bb1&#8243; show_post_date=\u00bb1&#8243; top_margin=\u00bbpage_margin_top\u00bb][read_more_button title=\u00bbSHOW MORE\u00bb url=\u00bbhttp:\/\/quanticalabs.com\/wp_themes\/pressroom\/blog\/\u00bb top_margin=\u00bbpage_margin_top\u00bb][\/vc_tab][vc_tab title=\u00bbCommented\u00bb tab_id=\u00bbsidebar-most-commented\u00bb][pr_rank_list type=\u00bbcomment_count\u00bb items_per_page=\u00bb5&#8243; ids=\u00bb-\u00bb category=\u00bb-\u00bb featured_image_size=\u00bbdefault\u00bb show_post_icon=\u00bb1&#8243; show_post_categories=\u00bb1&#8243; show_post_date=\u00bb1&#8243; top_margin=\u00bbpage_margin_top\u00bb][read_more_button title=\u00bbSHOW MORE\u00bb url=\u00bbhttp:\/\/quanticalabs.com\/wp_themes\/pressroom\/blog\/\u00bb top_margin=\u00bbpage_margin_top\u00bb][\/vc_tab][\/vc_tabs][box_header title=\u00bbTop Authors\u00bb type=\u00bbh4&#8243; bottom_border=\u00bb1&#8243; top_margin=\u00bbpage_margin_top_section\u00bb][pr_top_authors ids=\u00bb-\u00bb items_per_page=\u00bb4&#8243; top_margin=\u00bbpage_margin_top\u00bb][box_header title=\u00bbScience\u00bb type=\u00bbh4&#8243; bottom_border=\u00bb1&#8243; top_margin=\u00bbpage_margin_top_section\u00bb][blog_small pr_pagination=\u00bb0&#8243; items_per_page=\u00bb4&#8243; featured_image_size=\u00bbdefault\u00bb ids=\u00bb-\u00bb category=\u00bbscience\u00bb post_format=\u00bb-\u00bb author=\u00bb-\u00bb order_by=\u00bbdate\u00bb order=\u00bbDESC\u00bb show_post_title=\u00bb1&#8243; show_post_excerpt=\u00bb0&#8243; read_more=\u00bb0&#8243; show_post_categories=\u00bb1&#8243; show_post_author=\u00bb0&#8243; show_post_date=\u00bb1&#8243; post_details_layout=\u00bbsimple\u00bb show_post_comments_box=\u00bb0&#8243; top_margin=\u00bbnone\u00bb][read_more_button title=\u00bbMORE FROM SCIENCE\u00bb url=\u00bbhttp:\/\/quanticalabs.com\/wp_themes\/pressroom\/category\/science\/\u00bb top_margin=\u00bbpage_margin_top\u00bb][\/vc_column][\/vc_row]<\/p>\n","protected":false},"excerpt":{"rendered":"<p>[vc_row type=\u00bbfull_width\u00bb top_margin=\u00bbnone\u00bb][vc_column width=\u00bb1\/1&#8243;][slider id=\u00bbslider\u00bb ids=\u00bb31,33,329,332,335,159&#8243; category=\u00bb-\u00bb order_by=\u00bbdate\u00bb order=\u00bbDESC\u00bb control_boxes=\u00bb1&#8243; autoplay=\u00bb0&#8243; interval=\u00bb5000&#8243; pause_on_hover=\u00bb1&#8243; top_margin=\u00bbnone\u00bb][\/vc_column][\/vc_row][vc_row top_margin=\u00bbpage_margin_top\u00bb][vc_column width=\u00bb2\/3&#8243;][box_header title=\u00bbLatest Posts\u00bb type=\u00bbh4&#8243; bottom_border=\u00bb1&#8243;<\/p>\n","protected":false},"author":1,"featured_media":0,"parent":0,"menu_order":0,"comment_status":"open","ping_status":"open","template":"template-default-without-breadcrumbs.php","meta":{"footnotes":""},"class_list":["post-27","page","type-page","status-publish","hentry"],"yoast_head":"<!-- This site is optimized with the Yoast SEO plugin v27.5 - https:\/\/yoast.com\/product\/yoast-seo-wordpress\/ -->\n<title>HOME - Road to the World Cup<\/title>\n<meta name=\"robots\" content=\"index, follow, max-snippet:-1, max-image-preview:large, max-video-preview:-1\" \/>\n<link rel=\"canonical\" href=\"https:\/\/www.roadtowc.com\/es\/home\/\" \/>\n<meta property=\"og:locale\" content=\"es_ES\" \/>\n<meta property=\"og:type\" content=\"article\" \/>\n<meta property=\"og:title\" content=\"HOME - Road to the World Cup\" \/>\n<meta property=\"og:description\" content=\"[vc_row type=\u00bbfull_width\u00bb top_margin=\u00bbnone\u00bb][vc_column width=\u00bb1\/1&#8243;][slider id=\u00bbslider\u00bb ids=\u00bb31,33,329,332,335,159&#8243; category=\u00bb-\u00bb order_by=\u00bbdate\u00bb order=\u00bbDESC\u00bb control_boxes=\u00bb1&#8243; autoplay=\u00bb0&#8243; interval=\u00bb5000&#8243; pause_on_hover=\u00bb1&#8243; top_margin=\u00bbnone\u00bb][\/vc_column][\/vc_row][vc_row top_margin=\u00bbpage_margin_top\u00bb][vc_column width=\u00bb2\/3&#8243;][box_header title=\u00bbLatest Posts\u00bb type=\u00bbh4&#8243; bottom_border=\u00bb1&#8243;\" \/>\n<meta property=\"og:url\" content=\"https:\/\/www.roadtowc.com\/es\/home\/\" \/>\n<meta property=\"og:site_name\" content=\"Road to the World Cup\" \/>\n<meta property=\"og:image\" content=\"https:\/\/www.roadtowc.com\/wp-content\/uploads\/2024\/07\/New-Logo-head.png\" \/>\n\t<meta property=\"og:image:width\" content=\"1228\" \/>\n\t<meta property=\"og:image:height\" content=\"1037\" \/>\n\t<meta property=\"og:image:type\" content=\"image\/png\" \/>\n<meta name=\"twitter:card\" content=\"summary_large_image\" \/>\n<meta name=\"twitter:site\" content=\"@roadtowc\" \/>\n<meta name=\"twitter:label1\" content=\"Tiempo de lectura\" \/>\n\t<meta name=\"twitter:data1\" content=\"6 minutos\" \/>\n<script type=\"application\/ld+json\" class=\"yoast-schema-graph\">{\"@context\":\"https:\\\/\\\/schema.org\",\"@graph\":[{\"@type\":\"WebPage\",\"@id\":\"https:\\\/\\\/www.roadtowc.com\\\/es\\\/home\\\/\",\"url\":\"https:\\\/\\\/www.roadtowc.com\\\/es\\\/home\\\/\",\"name\":\"HOME - Road to the World Cup\",\"isPartOf\":{\"@id\":\"https:\\\/\\\/www.roadtowc.com\\\/es\\\/#website\"},\"datePublished\":\"2014-12-30T10:21:10+00:00\",\"breadcrumb\":{\"@id\":\"https:\\\/\\\/www.roadtowc.com\\\/es\\\/home\\\/#breadcrumb\"},\"inLanguage\":\"es\",\"potentialAction\":[{\"@type\":\"ReadAction\",\"target\":[\"https:\\\/\\\/www.roadtowc.com\\\/es\\\/home\\\/\"]}]},{\"@type\":\"BreadcrumbList\",\"@id\":\"https:\\\/\\\/www.roadtowc.com\\\/es\\\/home\\\/#breadcrumb\",\"itemListElement\":[{\"@type\":\"ListItem\",\"position\":1,\"name\":\"Home\",\"item\":\"https:\\\/\\\/www.roadtowc.com\\\/es\\\/\"},{\"@type\":\"ListItem\",\"position\":2,\"name\":\"HOME\"}]},{\"@type\":\"WebSite\",\"@id\":\"https:\\\/\\\/www.roadtowc.com\\\/es\\\/#website\",\"url\":\"https:\\\/\\\/www.roadtowc.com\\\/es\\\/\",\"name\":\"Road to the World Cup\",\"description\":\"Tu gu\u00eda definitiva para la Copa Mundial de la FIFA 2026: noticias, informaci\u00f3n sobre boletos, sedes y m\u00e1s, con toda la cobertura a medida que se acerca el torneo en Estados Unidos, M\u00e9xico y Canad\u00e1.\",\"publisher\":{\"@id\":\"https:\\\/\\\/www.roadtowc.com\\\/es\\\/#organization\"},\"alternateName\":\"Road to the World Cup\",\"potentialAction\":[{\"@type\":\"SearchAction\",\"target\":{\"@type\":\"EntryPoint\",\"urlTemplate\":\"https:\\\/\\\/www.roadtowc.com\\\/es\\\/?s={search_term_string}\"},\"query-input\":{\"@type\":\"PropertyValueSpecification\",\"valueRequired\":true,\"valueName\":\"search_term_string\"}}],\"inLanguage\":\"es\"},{\"@type\":\"Organization\",\"@id\":\"https:\\\/\\\/www.roadtowc.com\\\/es\\\/#organization\",\"name\":\"Road to the World Cup\",\"alternateName\":\"Road to the World Cup\",\"url\":\"https:\\\/\\\/www.roadtowc.com\\\/es\\\/\",\"logo\":{\"@type\":\"ImageObject\",\"inLanguage\":\"es\",\"@id\":\"https:\\\/\\\/www.roadtowc.com\\\/es\\\/#\\\/schema\\\/logo\\\/image\\\/\",\"url\":\"https:\\\/\\\/www.roadtowc.com\\\/wp-content\\\/uploads\\\/2024\\\/07\\\/New-Logo-head.png\",\"contentUrl\":\"https:\\\/\\\/www.roadtowc.com\\\/wp-content\\\/uploads\\\/2024\\\/07\\\/New-Logo-head.png\",\"width\":1228,\"height\":1037,\"caption\":\"Road to the World Cup\"},\"image\":{\"@id\":\"https:\\\/\\\/www.roadtowc.com\\\/es\\\/#\\\/schema\\\/logo\\\/image\\\/\"},\"sameAs\":[\"https:\\\/\\\/x.com\\\/roadtowc\"]}]}<\/script>\n<!-- \/ Yoast SEO plugin. -->","yoast_head_json":{"title":"HOME - Road to the World Cup","robots":{"index":"index","follow":"follow","max-snippet":"max-snippet:-1","max-image-preview":"max-image-preview:large","max-video-preview":"max-video-preview:-1"},"canonical":"https:\/\/www.roadtowc.com\/es\/home\/","og_locale":"es_ES","og_type":"article","og_title":"HOME - Road to the World Cup","og_description":"[vc_row type=\u00bbfull_width\u00bb top_margin=\u00bbnone\u00bb][vc_column width=\u00bb1\/1&#8243;][slider id=\u00bbslider\u00bb ids=\u00bb31,33,329,332,335,159&#8243; category=\u00bb-\u00bb order_by=\u00bbdate\u00bb order=\u00bbDESC\u00bb control_boxes=\u00bb1&#8243; autoplay=\u00bb0&#8243; interval=\u00bb5000&#8243; pause_on_hover=\u00bb1&#8243; top_margin=\u00bbnone\u00bb][\/vc_column][\/vc_row][vc_row top_margin=\u00bbpage_margin_top\u00bb][vc_column width=\u00bb2\/3&#8243;][box_header title=\u00bbLatest Posts\u00bb type=\u00bbh4&#8243; bottom_border=\u00bb1&#8243;","og_url":"https:\/\/www.roadtowc.com\/es\/home\/","og_site_name":"Road to the World Cup","og_image":[{"width":1228,"height":1037,"url":"https:\/\/www.roadtowc.com\/wp-content\/uploads\/2024\/07\/New-Logo-head.png","type":"image\/png"}],"twitter_card":"summary_large_image","twitter_site":"@roadtowc","twitter_misc":{"Tiempo de lectura":"6 minutos"},"schema":{"@context":"https:\/\/schema.org","@graph":[{"@type":"WebPage","@id":"https:\/\/www.roadtowc.com\/es\/home\/","url":"https:\/\/www.roadtowc.com\/es\/home\/","name":"HOME - Road to the World Cup","isPartOf":{"@id":"https:\/\/www.roadtowc.com\/es\/#website"},"datePublished":"2014-12-30T10:21:10+00:00","breadcrumb":{"@id":"https:\/\/www.roadtowc.com\/es\/home\/#breadcrumb"},"inLanguage":"es","potentialAction":[{"@type":"ReadAction","target":["https:\/\/www.roadtowc.com\/es\/home\/"]}]},{"@type":"BreadcrumbList","@id":"https:\/\/www.roadtowc.com\/es\/home\/#breadcrumb","itemListElement":[{"@type":"ListItem","position":1,"name":"Home","item":"https:\/\/www.roadtowc.com\/es\/"},{"@type":"ListItem","position":2,"name":"HOME"}]},{"@type":"WebSite","@id":"https:\/\/www.roadtowc.com\/es\/#website","url":"https:\/\/www.roadtowc.com\/es\/","name":"Road to the World Cup","description":"Tu gu\u00eda definitiva para la Copa Mundial de la FIFA 2026: noticias, informaci\u00f3n sobre boletos, sedes y m\u00e1s, con toda la cobertura a medida que se acerca el torneo en Estados Unidos, M\u00e9xico y Canad\u00e1.","publisher":{"@id":"https:\/\/www.roadtowc.com\/es\/#organization"},"alternateName":"Road to the World Cup","potentialAction":[{"@type":"SearchAction","target":{"@type":"EntryPoint","urlTemplate":"https:\/\/www.roadtowc.com\/es\/?s={search_term_string}"},"query-input":{"@type":"PropertyValueSpecification","valueRequired":true,"valueName":"search_term_string"}}],"inLanguage":"es"},{"@type":"Organization","@id":"https:\/\/www.roadtowc.com\/es\/#organization","name":"Road to the World Cup","alternateName":"Road to the World Cup","url":"https:\/\/www.roadtowc.com\/es\/","logo":{"@type":"ImageObject","inLanguage":"es","@id":"https:\/\/www.roadtowc.com\/es\/#\/schema\/logo\/image\/","url":"https:\/\/www.roadtowc.com\/wp-content\/uploads\/2024\/07\/New-Logo-head.png","contentUrl":"https:\/\/www.roadtowc.com\/wp-content\/uploads\/2024\/07\/New-Logo-head.png","width":1228,"height":1037,"caption":"Road to the World Cup"},"image":{"@id":"https:\/\/www.roadtowc.com\/es\/#\/schema\/logo\/image\/"},"sameAs":["https:\/\/x.com\/roadtowc"]}]}},"_links":{"self":[{"href":"https:\/\/www.roadtowc.com\/es\/wp-json\/wp\/v2\/pages\/27","targetHints":{"allow":["GET"]}}],"collection":[{"href":"https:\/\/www.roadtowc.com\/es\/wp-json\/wp\/v2\/pages"}],"about":[{"href":"https:\/\/www.roadtowc.com\/es\/wp-json\/wp\/v2\/types\/page"}],"author":[{"embeddable":true,"href":"https:\/\/www.roadtowc.com\/es\/wp-json\/wp\/v2\/users\/1"}],"replies":[{"embeddable":true,"href":"https:\/\/www.roadtowc.com\/es\/wp-json\/wp\/v2\/comments?post=27"}],"version-history":[{"count":0,"href":"https:\/\/www.roadtowc.com\/es\/wp-json\/wp\/v2\/pages\/27\/revisions"}],"wp:attachment":[{"href":"https:\/\/www.roadtowc.com\/es\/wp-json\/wp\/v2\/media?parent=27"}],"curies":[{"name":"wp","href":"https:\/\/api.w.org\/{rel}","templated":true}]}}